{"id":4468,"date":"2018-12-26T21:39:53","date_gmt":"2018-12-26T20:39:53","guid":{"rendered":"http:\/\/new.osiedlelabedzie.pl\/?page_id=4468"},"modified":"2022-04-03T22:41:00","modified_gmt":"2022-04-03T20:41:00","slug":"galeria-mieszkanie-pokazowe","status":"publish","type":"page","link":"https:\/\/osiedlelabedzie.pl\/?page_id=4468","title":{"rendered":"Galeria: Mieszkanie pokazowe"},"content":{"rendered":"<p>[vc_row css=&#8221;.vc_custom_1545664003046{margin-top: 0px !important;margin-bottom: 0px !important;padding-top: 100px !important;padding-bottom: 75px !important;}&#8221; simple_background_color=&#8221;#fafafa&#8221;][vc_column][vc_row_inner content_placement=&#8221;top&#8221;][vc_column_inner]<div class=\"mkdf-section-title-holder  mkdf-st-standard mkdf-st-title-left mkdf-st-normal-space \" style=\"text-align: center\">\n\t<div class=\"mkdf-st-inner\">\n                    <h6 class=\"mkdf-st-subtitle\" style=\"color: #999999\">\n                GALERIA ZDJ\u0118\u0106            <\/h6>\n        \t\t\t\t\t<h1 class=\"mkdf-st-title\" >\n\t\t\t\tMieszkanie pokazowe\t\t\t<\/h1>\n\t\t        <div class=\"mkdf-svg-separator-holder mkdf-svg-separator-small\">\n    <div class=\"mkdf-svg-separator mkdf-svg-frames-class\" data-svg-frames=\"15\" data-svg-drawing=\"yes\" >\n        <svg version=\"1.1\" style=\"stroke: #c5a02c\" id=\"layer_733\" xmlns=\"http:\/\/www.w3.org\/2000\/svg\" xmlns:xlink=\"http:\/\/www.w3.org\/1999\/xlink\" x=\"0px\" y=\"0px\"\n             width=\"65.167px\" height=\"11.917px\" viewBox=\"0 0 65.167 11.917\" enable-background=\"new 0 0 65.167 11.917\" xml:space=\"preserve\">\n            <path fill=\"none\" stroke=\"#010101\" stroke-width=\"1\" stroke-miterlimit=\"3\" d=\"M1.045,9.833 9.295,2.083 17.295,9.833\n            24.295,2.083 32.291,9.833 39.294,2.083 47.294,9.833 54.294,2.083 64.287,9.833 \"\/>\n        <\/svg>\n    <\/div>\n<\/div>\t\t\t<\/div>\n<\/div>[\/vc_column_inner][\/vc_row_inner][\/vc_column][\/vc_row][vc_row css=&#8221;.vc_custom_1545662964508{padding-bottom: 100px !important;background-color: #fafafa !important;}&#8221;][vc_column]<div class=\"mkdf-image-gallery  mkdf-ig-grid-type mkdf-normal-space  mkdf-image-behavior-lightbox\">\n\t<div class=\"mkdf-ig-inner mkdf-outer-space mkdf-ig-grid mkdf-ig-five-columns\">\n\t\t\t\t\t<div class=\"mkdf-ig-image mkdf-item-space\">\n\t\t\t\t<div class=\"mkdf-ig-image-inner\">\n\t\t\t\t\t\t\t\t\t\t\t<a itemprop=\"image\" class=\"mkdf-ig-lightbox\" href=\"https:\/\/osiedlelabedzie.pl\/wp-content\/uploads\/2018\/09\/eac9d69002a246d57938cb3eb7b0704d.jpg\" data-rel=\"prettyPhoto[image_gallery_pretty_photo-831]\" title=\"eac9d69002a246d57938cb3eb7b0704d\">\n\t\t\t\t\t\t\t\t\t\t\t<img src=\"https:\/\/osiedlelabedzie.pl\/wp-content\/uploads\/2018\/09\/eac9d69002a246d57938cb3eb7b0704d-450x450.jpg\" alt=\"\" width=\"450\" height=\"450\" \/>\t\t\t\t\t\t\t\t\t\t\t<\/a>\n\t\t\t\t\t\t\t\t\t<\/div>\n\t\t\t<\/div>\n\t\t\t\t\t<div class=\"mkdf-ig-image mkdf-item-space\">\n\t\t\t\t<div class=\"mkdf-ig-image-inner\">\n\t\t\t\t\t\t\t\t\t\t\t<a itemprop=\"image\" class=\"mkdf-ig-lightbox\" href=\"https:\/\/osiedlelabedzie.pl\/wp-content\/uploads\/2018\/09\/ec83e78800ee8ce3e9295113a2577416.jpg\" data-rel=\"prettyPhoto[image_gallery_pretty_photo-831]\" title=\"ec83e78800ee8ce3e9295113a2577416\">\n\t\t\t\t\t\t\t\t\t\t\t<img src=\"https:\/\/osiedlelabedzie.pl\/wp-content\/uploads\/2018\/09\/ec83e78800ee8ce3e9295113a2577416-450x450.jpg\" alt=\"\" width=\"450\" height=\"450\" \/>\t\t\t\t\t\t\t\t\t\t\t<\/a>\n\t\t\t\t\t\t\t\t\t<\/div>\n\t\t\t<\/div>\n\t\t\t\t\t<div class=\"mkdf-ig-image mkdf-item-space\">\n\t\t\t\t<div class=\"mkdf-ig-image-inner\">\n\t\t\t\t\t\t\t\t\t\t\t<a itemprop=\"image\" class=\"mkdf-ig-lightbox\" href=\"https:\/\/osiedlelabedzie.pl\/wp-content\/uploads\/2018\/09\/e5026903307fb5b326cf40b20d74c87a.jpg\" data-rel=\"prettyPhoto[image_gallery_pretty_photo-831]\" title=\"e5026903307fb5b326cf40b20d74c87a\">\n\t\t\t\t\t\t\t\t\t\t\t<img src=\"https:\/\/osiedlelabedzie.pl\/wp-content\/uploads\/2018\/09\/e5026903307fb5b326cf40b20d74c87a-450x450.jpg\" alt=\"\" width=\"450\" height=\"450\" \/>\t\t\t\t\t\t\t\t\t\t\t<\/a>\n\t\t\t\t\t\t\t\t\t<\/div>\n\t\t\t<\/div>\n\t\t\t\t\t<div class=\"mkdf-ig-image mkdf-item-space\">\n\t\t\t\t<div class=\"mkdf-ig-image-inner\">\n\t\t\t\t\t\t\t\t\t\t\t<a itemprop=\"image\" class=\"mkdf-ig-lightbox\" href=\"https:\/\/osiedlelabedzie.pl\/wp-content\/uploads\/2018\/09\/b134f208e7f3aa201cd7ebf55826f0e7.jpg\" data-rel=\"prettyPhoto[image_gallery_pretty_photo-831]\" title=\"b134f208e7f3aa201cd7ebf55826f0e7\">\n\t\t\t\t\t\t\t\t\t\t\t<img src=\"https:\/\/osiedlelabedzie.pl\/wp-content\/uploads\/2018\/09\/b134f208e7f3aa201cd7ebf55826f0e7-450x450.jpg\" alt=\"\" width=\"450\" height=\"450\" \/>\t\t\t\t\t\t\t\t\t\t\t<\/a>\n\t\t\t\t\t\t\t\t\t<\/div>\n\t\t\t<\/div>\n\t\t\t\t\t<div class=\"mkdf-ig-image mkdf-item-space\">\n\t\t\t\t<div class=\"mkdf-ig-image-inner\">\n\t\t\t\t\t\t\t\t\t\t\t<a itemprop=\"image\" class=\"mkdf-ig-lightbox\" href=\"https:\/\/osiedlelabedzie.pl\/wp-content\/uploads\/2018\/09\/129e60d5ff2a8ca65c034cad7fd87083.jpg\" data-rel=\"prettyPhoto[image_gallery_pretty_photo-831]\" title=\"129e60d5ff2a8ca65c034cad7fd87083\">\n\t\t\t\t\t\t\t\t\t\t\t<img src=\"https:\/\/osiedlelabedzie.pl\/wp-content\/uploads\/2018\/09\/129e60d5ff2a8ca65c034cad7fd87083-450x450.jpg\" alt=\"\" width=\"450\" height=\"450\" \/>\t\t\t\t\t\t\t\t\t\t\t<\/a>\n\t\t\t\t\t\t\t\t\t<\/div>\n\t\t\t<\/div>\n\t\t\t\t\t<div class=\"mkdf-ig-image mkdf-item-space\">\n\t\t\t\t<div class=\"mkdf-ig-image-inner\">\n\t\t\t\t\t\t\t\t\t\t\t<a itemprop=\"image\" class=\"mkdf-ig-lightbox\" href=\"https:\/\/osiedlelabedzie.pl\/wp-content\/uploads\/2018\/09\/53c6be8a65cd080e756f02bd0752c116.jpg\" data-rel=\"prettyPhoto[image_gallery_pretty_photo-831]\" title=\"53c6be8a65cd080e756f02bd0752c116\">\n\t\t\t\t\t\t\t\t\t\t\t<img src=\"https:\/\/osiedlelabedzie.pl\/wp-content\/uploads\/2018\/09\/53c6be8a65cd080e756f02bd0752c116-450x450.jpg\" alt=\"\" width=\"450\" height=\"450\" \/>\t\t\t\t\t\t\t\t\t\t\t<\/a>\n\t\t\t\t\t\t\t\t\t<\/div>\n\t\t\t<\/div>\n\t\t\t\t\t<div class=\"mkdf-ig-image mkdf-item-space\">\n\t\t\t\t<div class=\"mkdf-ig-image-inner\">\n\t\t\t\t\t\t\t\t\t\t\t<a itemprop=\"image\" class=\"mkdf-ig-lightbox\" href=\"https:\/\/osiedlelabedzie.pl\/wp-content\/uploads\/2018\/09\/34f1fef1b8f4aabdd60cd52102ec87dc.jpg\" data-rel=\"prettyPhoto[image_gallery_pretty_photo-831]\" title=\"34f1fef1b8f4aabdd60cd52102ec87dc\">\n\t\t\t\t\t\t\t\t\t\t\t<img src=\"https:\/\/osiedlelabedzie.pl\/wp-content\/uploads\/2018\/09\/34f1fef1b8f4aabdd60cd52102ec87dc-450x450.jpg\" alt=\"\" width=\"450\" height=\"450\" \/>\t\t\t\t\t\t\t\t\t\t\t<\/a>\n\t\t\t\t\t\t\t\t\t<\/div>\n\t\t\t<\/div>\n\t\t\t\t\t<div class=\"mkdf-ig-image mkdf-item-space\">\n\t\t\t\t<div class=\"mkdf-ig-image-inner\">\n\t\t\t\t\t\t\t\t\t\t\t<a itemprop=\"image\" class=\"mkdf-ig-lightbox\" href=\"https:\/\/osiedlelabedzie.pl\/wp-content\/uploads\/2018\/09\/5a39e853c407877ce1c9a2389d7e809a.jpg\" data-rel=\"prettyPhoto[image_gallery_pretty_photo-831]\" title=\"5a39e853c407877ce1c9a2389d7e809a\">\n\t\t\t\t\t\t\t\t\t\t\t<img src=\"https:\/\/osiedlelabedzie.pl\/wp-content\/uploads\/2018\/09\/5a39e853c407877ce1c9a2389d7e809a-450x450.jpg\" alt=\"\" width=\"450\" height=\"450\" \/>\t\t\t\t\t\t\t\t\t\t\t<\/a>\n\t\t\t\t\t\t\t\t\t<\/div>\n\t\t\t<\/div>\n\t\t\t\t\t<div class=\"mkdf-ig-image mkdf-item-space\">\n\t\t\t\t<div class=\"mkdf-ig-image-inner\">\n\t\t\t\t\t\t\t\t\t\t\t<a itemprop=\"image\" class=\"mkdf-ig-lightbox\" href=\"https:\/\/osiedlelabedzie.pl\/wp-content\/uploads\/2018\/09\/0b6283aaa282a436546274720a6e3f9c.jpg\" data-rel=\"prettyPhoto[image_gallery_pretty_photo-831]\" title=\"0b6283aaa282a436546274720a6e3f9c\">\n\t\t\t\t\t\t\t\t\t\t\t<img src=\"https:\/\/osiedlelabedzie.pl\/wp-content\/uploads\/2018\/09\/0b6283aaa282a436546274720a6e3f9c-450x450.jpg\" alt=\"\" width=\"450\" height=\"450\" \/>\t\t\t\t\t\t\t\t\t\t\t<\/a>\n\t\t\t\t\t\t\t\t\t<\/div>\n\t\t\t<\/div>\n\t\t\t\t\t<div class=\"mkdf-ig-image mkdf-item-space\">\n\t\t\t\t<div class=\"mkdf-ig-image-inner\">\n\t\t\t\t\t\t\t\t\t\t\t<a itemprop=\"image\" class=\"mkdf-ig-lightbox\" href=\"https:\/\/osiedlelabedzie.pl\/wp-content\/uploads\/2018\/09\/2c386cca05d73f61ec8c5e4cbe8b18a1.jpg\" data-rel=\"prettyPhoto[image_gallery_pretty_photo-831]\" title=\"2c386cca05d73f61ec8c5e4cbe8b18a1\">\n\t\t\t\t\t\t\t\t\t\t\t<img src=\"https:\/\/osiedlelabedzie.pl\/wp-content\/uploads\/2018\/09\/2c386cca05d73f61ec8c5e4cbe8b18a1-450x450.jpg\" alt=\"\" width=\"450\" height=\"450\" \/>\t\t\t\t\t\t\t\t\t\t\t<\/a>\n\t\t\t\t\t\t\t\t\t<\/div>\n\t\t\t<\/div>\n\t\t\t\t\t<div class=\"mkdf-ig-image mkdf-item-space\">\n\t\t\t\t<div class=\"mkdf-ig-image-inner\">\n\t\t\t\t\t\t\t\t\t\t\t<a itemprop=\"image\" class=\"mkdf-ig-lightbox\" href=\"https:\/\/osiedlelabedzie.pl\/wp-content\/uploads\/2018\/09\/e31720c52cc3c26758a7b51e6c4c8411.jpg\" data-rel=\"prettyPhoto[image_gallery_pretty_photo-831]\" title=\"e31720c52cc3c26758a7b51e6c4c8411\">\n\t\t\t\t\t\t\t\t\t\t\t<img src=\"https:\/\/osiedlelabedzie.pl\/wp-content\/uploads\/2018\/09\/e31720c52cc3c26758a7b51e6c4c8411-450x450.jpg\" alt=\"\" width=\"450\" height=\"450\" \/>\t\t\t\t\t\t\t\t\t\t\t<\/a>\n\t\t\t\t\t\t\t\t\t<\/div>\n\t\t\t<\/div>\n\t\t\t\t\t<div class=\"mkdf-ig-image mkdf-item-space\">\n\t\t\t\t<div class=\"mkdf-ig-image-inner\">\n\t\t\t\t\t\t\t\t\t\t\t<a itemprop=\"image\" class=\"mkdf-ig-lightbox\" href=\"https:\/\/osiedlelabedzie.pl\/wp-content\/uploads\/2018\/09\/22.jpg\" data-rel=\"prettyPhoto[image_gallery_pretty_photo-831]\" title=\"22\">\n\t\t\t\t\t\t\t\t\t\t\t<img src=\"https:\/\/osiedlelabedzie.pl\/wp-content\/uploads\/2018\/09\/22-450x450.jpg\" alt=\"\" width=\"450\" height=\"450\" \/>\t\t\t\t\t\t\t\t\t\t\t<\/a>\n\t\t\t\t\t\t\t\t\t<\/div>\n\t\t\t<\/div>\n\t\t\t\t\t<div class=\"mkdf-ig-image mkdf-item-space\">\n\t\t\t\t<div class=\"mkdf-ig-image-inner\">\n\t\t\t\t\t\t\t\t\t\t\t<a itemprop=\"image\" class=\"mkdf-ig-lightbox\" href=\"https:\/\/osiedlelabedzie.pl\/wp-content\/uploads\/2018\/09\/68806a317ed67f76bdf84ee2f8c7bf59.jpg\" data-rel=\"prettyPhoto[image_gallery_pretty_photo-831]\" title=\"68806a317ed67f76bdf84ee2f8c7bf59\">\n\t\t\t\t\t\t\t\t\t\t\t<img src=\"https:\/\/osiedlelabedzie.pl\/wp-content\/uploads\/2018\/09\/68806a317ed67f76bdf84ee2f8c7bf59-450x450.jpg\" alt=\"\" width=\"450\" height=\"450\" \/>\t\t\t\t\t\t\t\t\t\t\t<\/a>\n\t\t\t\t\t\t\t\t\t<\/div>\n\t\t\t<\/div>\n\t\t\t\t\t<div class=\"mkdf-ig-image mkdf-item-space\">\n\t\t\t\t<div class=\"mkdf-ig-image-inner\">\n\t\t\t\t\t\t\t\t\t\t\t<a itemprop=\"image\" class=\"mkdf-ig-lightbox\" href=\"https:\/\/osiedlelabedzie.pl\/wp-content\/uploads\/2018\/09\/4bb4010e032ea38ac375391bfb99e69a.jpg\" data-rel=\"prettyPhoto[image_gallery_pretty_photo-831]\" title=\"4bb4010e032ea38ac375391bfb99e69a\">\n\t\t\t\t\t\t\t\t\t\t\t<img src=\"https:\/\/osiedlelabedzie.pl\/wp-content\/uploads\/2018\/09\/4bb4010e032ea38ac375391bfb99e69a-450x450.jpg\" alt=\"\" width=\"450\" height=\"450\" \/>\t\t\t\t\t\t\t\t\t\t\t<\/a>\n\t\t\t\t\t\t\t\t\t<\/div>\n\t\t\t<\/div>\n\t\t\t<\/div>\n<\/div>[\/vc_column][\/vc_row][vc_row full_width=&#8221;stretch_row_content_no_spaces&#8221; simple_background_color=&#8221;#ffffff&#8221; css=&#8221;.vc_custom_1545662951730{padding-top: 100px !important;padding-bottom: 50px !important;padding-left: 250px !important;}&#8221;][vc_column]<div class=\"mkdf-section-title-holder  mkdf-st-standard mkdf-st-title-left mkdf-st-normal-space \" style=\"text-align: center\">\n\t<div class=\"mkdf-st-inner\">\n                    <h6 class=\"mkdf-st-subtitle\" style=\"color: #999999\">\n                KONTAKT            <\/h6>\n        \t\t\t\t\t<h1 class=\"mkdf-st-title\" >\n\t\t\t\tMasz pytania?\t\t\t<\/h1>\n\t\t        <div class=\"mkdf-svg-separator-holder mkdf-svg-separator-small\">\n    <div class=\"mkdf-svg-separator mkdf-svg-frames-class\" data-svg-frames=\"15\" data-svg-drawing=\"yes\" >\n        <svg version=\"1.1\" style=\"stroke: #c5a02c\" id=\"layer_21\" xmlns=\"http:\/\/www.w3.org\/2000\/svg\" xmlns:xlink=\"http:\/\/www.w3.org\/1999\/xlink\" x=\"0px\" y=\"0px\"\n             width=\"65.167px\" height=\"11.917px\" viewBox=\"0 0 65.167 11.917\" enable-background=\"new 0 0 65.167 11.917\" xml:space=\"preserve\">\n            <path fill=\"none\" stroke=\"#010101\" stroke-width=\"1\" stroke-miterlimit=\"3\" d=\"M1.045,9.833 9.295,2.083 17.295,9.833\n            24.295,2.083 32.291,9.833 39.294,2.083 47.294,9.833 54.294,2.083 64.287,9.833 \"\/>\n        <\/svg>\n    <\/div>\n<\/div>\t\t\t\t\t<h5 class=\"mkdf-st-text\" >\n\t\t\t\tChcesz um\u00f3wi\u0107 si\u0119 na ogl\u0105danie domu lub mieszkania?<br \/>\nZadzwo\u0144 do nas lub zostaw nam swoje dane kontaktowe, a odezwiemy si\u0119 do Ciebie!\t\t\t<\/h5>\n\t\t\t<\/div>\n<\/div>[\/vc_column][\/vc_row]<\/p>\n","protected":false},"excerpt":{"rendered":"<p>[vc_row css=&#8221;.vc_custom_1545664003046{margin-top: 0px !important;margin-bottom: 0px !important;padding-top: 100px !important;padding-bottom: 75px !important;}&#8221; simple_background_color=&#8221;#fafafa&#8221;][vc_column][vc_row_inner content_placement=&#8221;top&#8221;][vc_column_inner][\/vc_column_inner][\/vc_row_inner][\/vc_column][\/vc_row][vc_row css=&#8221;.vc_custom_1545662964508{padding-bottom: 100px !important;background-color: #fafafa !important;}&#8221;][vc_column][\/vc_column][\/vc_row][vc_row full_width=&#8221;stretch_row_content_no_spaces&#8221; simple_background_color=&#8221;#ffffff&#8221; css=&#8221;.vc_custom_1545662951730{padding-top: 100px !important;padding-bottom: 50px !important;padding-left: 250px !important;}&#8221;][vc_column][\/vc_column][\/vc_row]<\/p>\n","protected":false},"author":1,"featured_media":0,"parent":0,"menu_order":0,"comment_status":"closed","ping_status":"closed","template":"","meta":[],"yoast_head":"<!-- This site is optimized with the Yoast SEO plugin v21.8.1 - https:\/\/yoast.com\/wordpress\/plugins\/seo\/ -->\n<title>Galeria: Mieszkanie pokazowe - Osiedle \u0141ab\u0119dzie: Dzia\u0142ki budowlane Przeczyce<\/title>\n<meta name=\"robots\" content=\"index, follow, max-snippet:-1, max-image-preview:large, max-video-preview:-1\" \/>\n<link rel=\"canonical\" href=\"https:\/\/osiedlelabedzie.pl\/?page_id=4468\" \/>\n<meta property=\"og:locale\" content=\"pl_PL\" \/>\n<meta property=\"og:type\" content=\"article\" \/>\n<meta property=\"og:title\" content=\"Galeria: Mieszkanie pokazowe - Osiedle \u0141ab\u0119dzie: Dzia\u0142ki budowlane Przeczyce\" \/>\n<meta property=\"og:description\" content=\"[vc_row css=&#8221;.vc_custom_1545664003046{margin-top: 0px !important;margin-bottom: 0px !important;padding-top: 100px !important;padding-bottom: 75px !important;}&#8221; simple_background_color=&#8221;#fafafa&#8221;][vc_column][vc_row_inner content_placement=&#8221;top&#8221;][vc_column_inner][\/vc_column_inner][\/vc_row_inner][\/vc_column][\/vc_row][vc_row css=&#8221;.vc_custom_1545662964508{padding-bottom: 100px !important;background-color: #fafafa !important;}&#8221;][vc_column][\/vc_column][\/vc_row][vc_row full_width=&#8221;stretch_row_content_no_spaces&#8221; simple_background_color=&#8221;#ffffff&#8221; css=&#8221;.vc_custom_1545662951730{padding-top: 100px !important;padding-bottom: 50px !important;padding-left: 250px !important;}&#8221;][vc_column][\/vc_column][\/vc_row]\" \/>\n<meta property=\"og:url\" content=\"https:\/\/osiedlelabedzie.pl\/?page_id=4468\" \/>\n<meta property=\"og:site_name\" content=\"Osiedle \u0141ab\u0119dzie: Dzia\u0142ki budowlane Przeczyce\" \/>\n<meta property=\"article:modified_time\" content=\"2022-04-03T20:41:00+00:00\" \/>\n<meta name=\"twitter:card\" content=\"summary_large_image\" \/>\n<meta name=\"twitter:label1\" content=\"Szacowany czas czytania\" \/>\n\t<meta name=\"twitter:data1\" content=\"1 minuta\" \/>\n<script type=\"application\/ld+json\" class=\"yoast-schema-graph\">{\"@context\":\"https:\/\/schema.org\",\"@graph\":[{\"@type\":\"WebPage\",\"@id\":\"https:\/\/osiedlelabedzie.pl\/?page_id=4468\",\"url\":\"https:\/\/osiedlelabedzie.pl\/?page_id=4468\",\"name\":\"Galeria: Mieszkanie pokazowe - Osiedle \u0141ab\u0119dzie: Dzia\u0142ki budowlane Przeczyce\",\"isPartOf\":{\"@id\":\"http:\/\/osiedlelabedzie.pl\/#website\"},\"datePublished\":\"2018-12-26T20:39:53+00:00\",\"dateModified\":\"2022-04-03T20:41:00+00:00\",\"breadcrumb\":{\"@id\":\"https:\/\/osiedlelabedzie.pl\/?page_id=4468#breadcrumb\"},\"inLanguage\":\"pl-PL\",\"potentialAction\":[{\"@type\":\"ReadAction\",\"target\":[\"https:\/\/osiedlelabedzie.pl\/?page_id=4468\"]}]},{\"@type\":\"BreadcrumbList\",\"@id\":\"https:\/\/osiedlelabedzie.pl\/?page_id=4468#breadcrumb\",\"itemListElement\":[{\"@type\":\"ListItem\",\"position\":1,\"name\":\"Strona g\u0142\u00f3wna\",\"item\":\"https:\/\/osiedlelabedzie.pl\/\"},{\"@type\":\"ListItem\",\"position\":2,\"name\":\"Galeria: Mieszkanie pokazowe\"}]},{\"@type\":\"WebSite\",\"@id\":\"http:\/\/osiedlelabedzie.pl\/#website\",\"url\":\"http:\/\/osiedlelabedzie.pl\/\",\"name\":\"Osiedle \u0141ab\u0119dzie: Dzia\u0142ki budowlane Przeczyce\",\"description\":\"Zrealizuj marzenia\",\"potentialAction\":[{\"@type\":\"SearchAction\",\"target\":{\"@type\":\"EntryPoint\",\"urlTemplate\":\"http:\/\/osiedlelabedzie.pl\/?s={search_term_string}\"},\"query-input\":\"required name=search_term_string\"}],\"inLanguage\":\"pl-PL\"}]}<\/script>\n<!-- \/ Yoast SEO plugin. -->","yoast_head_json":{"title":"Galeria: Mieszkanie pokazowe - Osiedle \u0141ab\u0119dzie: Dzia\u0142ki budowlane Przeczyce","robots":{"index":"index","follow":"follow","max-snippet":"max-snippet:-1","max-image-preview":"max-image-preview:large","max-video-preview":"max-video-preview:-1"},"canonical":"https:\/\/osiedlelabedzie.pl\/?page_id=4468","og_locale":"pl_PL","og_type":"article","og_title":"Galeria: Mieszkanie pokazowe - Osiedle \u0141ab\u0119dzie: Dzia\u0142ki budowlane Przeczyce","og_description":"[vc_row css=&#8221;.vc_custom_1545664003046{margin-top: 0px !important;margin-bottom: 0px !important;padding-top: 100px !important;padding-bottom: 75px !important;}&#8221; simple_background_color=&#8221;#fafafa&#8221;][vc_column][vc_row_inner content_placement=&#8221;top&#8221;][vc_column_inner][\/vc_column_inner][\/vc_row_inner][\/vc_column][\/vc_row][vc_row css=&#8221;.vc_custom_1545662964508{padding-bottom: 100px !important;background-color: #fafafa !important;}&#8221;][vc_column][\/vc_column][\/vc_row][vc_row full_width=&#8221;stretch_row_content_no_spaces&#8221; simple_background_color=&#8221;#ffffff&#8221; css=&#8221;.vc_custom_1545662951730{padding-top: 100px !important;padding-bottom: 50px !important;padding-left: 250px !important;}&#8221;][vc_column][\/vc_column][\/vc_row]","og_url":"https:\/\/osiedlelabedzie.pl\/?page_id=4468","og_site_name":"Osiedle \u0141ab\u0119dzie: Dzia\u0142ki budowlane Przeczyce","article_modified_time":"2022-04-03T20:41:00+00:00","twitter_card":"summary_large_image","twitter_misc":{"Szacowany czas czytania":"1 minuta"},"schema":{"@context":"https:\/\/schema.org","@graph":[{"@type":"WebPage","@id":"https:\/\/osiedlelabedzie.pl\/?page_id=4468","url":"https:\/\/osiedlelabedzie.pl\/?page_id=4468","name":"Galeria: Mieszkanie pokazowe - Osiedle \u0141ab\u0119dzie: Dzia\u0142ki budowlane Przeczyce","isPartOf":{"@id":"http:\/\/osiedlelabedzie.pl\/#website"},"datePublished":"2018-12-26T20:39:53+00:00","dateModified":"2022-04-03T20:41:00+00:00","breadcrumb":{"@id":"https:\/\/osiedlelabedzie.pl\/?page_id=4468#breadcrumb"},"inLanguage":"pl-PL","potentialAction":[{"@type":"ReadAction","target":["https:\/\/osiedlelabedzie.pl\/?page_id=4468"]}]},{"@type":"BreadcrumbList","@id":"https:\/\/osiedlelabedzie.pl\/?page_id=4468#breadcrumb","itemListElement":[{"@type":"ListItem","position":1,"name":"Strona g\u0142\u00f3wna","item":"https:\/\/osiedlelabedzie.pl\/"},{"@type":"ListItem","position":2,"name":"Galeria: Mieszkanie pokazowe"}]},{"@type":"WebSite","@id":"http:\/\/osiedlelabedzie.pl\/#website","url":"http:\/\/osiedlelabedzie.pl\/","name":"Osiedle \u0141ab\u0119dzie: Dzia\u0142ki budowlane Przeczyce","description":"Zrealizuj marzenia","potentialAction":[{"@type":"SearchAction","target":{"@type":"EntryPoint","urlTemplate":"http:\/\/osiedlelabedzie.pl\/?s={search_term_string}"},"query-input":"required name=search_term_string"}],"inLanguage":"pl-PL"}]}},"_links":{"self":[{"href":"https:\/\/osiedlelabedzie.pl\/index.php?rest_route=\/wp\/v2\/pages\/4468"}],"collection":[{"href":"https:\/\/osiedlelabedzie.pl\/index.php?rest_route=\/wp\/v2\/pages"}],"about":[{"href":"https:\/\/osiedlelabedzie.pl\/index.php?rest_route=\/wp\/v2\/types\/page"}],"author":[{"embeddable":true,"href":"https:\/\/osiedlelabedzie.pl\/index.php?rest_route=\/wp\/v2\/users\/1"}],"replies":[{"embeddable":true,"href":"https:\/\/osiedlelabedzie.pl\/index.php?rest_route=%2Fwp%2Fv2%2Fcomments&post=4468"}],"version-history":[{"count":2,"href":"https:\/\/osiedlelabedzie.pl\/index.php?rest_route=\/wp\/v2\/pages\/4468\/revisions"}],"predecessor-version":[{"id":5202,"href":"https:\/\/osiedlelabedzie.pl\/index.php?rest_route=\/wp\/v2\/pages\/4468\/revisions\/5202"}],"wp:attachment":[{"href":"https:\/\/osiedlelabedzie.pl\/index.php?rest_route=%2Fwp%2Fv2%2Fmedia&parent=4468"}],"curies":[{"name":"wp","href":"https:\/\/api.w.org\/{rel}","templated":true}]}}